{"id":982,"date":"2024-10-16T09:33:35","date_gmt":"2024-10-16T07:33:35","guid":{"rendered":"https:\/\/iww.inria.fr\/paritenew\/?page_id=982"},"modified":"2025-05-07T09:14:28","modified_gmt":"2025-05-07T07:14:28","slug":"essentiels","status":"publish","type":"page","link":"https:\/\/parite.inria.fr\/fr\/essentiels\/","title":{"rendered":"Essentiels"},"content":{"rendered":"\n<ul class=\"wp-block-list\"><li><a href=\"https:\/\/parite.inria.fr\/files\/2020\/01\/Guide_harcelement_VF.pdf\">Guide d&rsquo;information harc\u00e8lement sexuel<\/a> (vf) &#8211; <a href=\"https:\/\/parite.inria.fr\/files\/2020\/01\/Booklet_harassment_eng.pdf\">Booklet Sexual_Harassment_eng<\/a> &#8211; 2020<\/li><li><a href=\"https:\/\/parite.inria.fr\/files\/2015\/07\/GUIDE-PARENTS-OK.pdf\">Guide des parents<\/a> &#8211; Juin 2018<\/li><li><a href=\"https:\/\/parite.inria.fr\/files\/2015\/07\/NoteInria.pdf\">Position Inria<\/a> en mati\u00e8re d&rsquo;\u00e9criture paritaire\u00a0 &#8211; Janvier 2018<\/li><li><a href=\"https:\/\/parite.inria.fr\/files\/2015\/07\/17.Parite.Ecole_.Cadre_.pptx\">Pr\u00e9sentation du comit\u00e9 Parit\u00e9-Egalit\u00e9 <\/a>\u00e0 l&rsquo;\u00e9cole du management Inria &#8211; Juin 2017<\/li><li><a href=\"https:\/\/parite.inria.fr\/fr\/charte-parite-et-egalite-des-chances\/\">Charte pour les jurys des concours<\/a><\/li><li><a href=\"https:\/\/parite.inria.fr\/groupes-de-travail\/recrutement-des-chercheurs\/conseils-pour-limiter-linfluence-des-prejuges-involontaires\/\">Conseils<\/a> pour limiter l&rsquo;influence des pr\u00e9jug\u00e9s dans les phases de recrutements scientifiques<\/li><li><a href=\"https:\/\/parite.inria.fr\/files\/2024\/11\/Recommandations-pour-lorganisations-de\u0301ve\u0301nements.pdf\">Position Inria<\/a> en mati\u00e8re d&rsquo;organisation d&rsquo;\u00e9v\u00e9nements (<a href=\"https:\/\/parite.inria.fr\/files\/2024\/11\/Recommandations-pour-lorganisations-de\u0301ve\u0301nements.docx\">word<\/a>)<\/li><li><a href=\"https:\/\/parite.inria.fr\/files\/2024\/10\/InriaCharteLGBTIvdef.pdf\">Charte LGBTI+<\/a> (2024)<\/li><\/ul>\n\n\n\n<p><\/p>\n","protected":false},"excerpt":{"rendered":"<p>Guide d&rsquo;information harc\u00e8lement sexuel (vf) &#8211; Booklet Sexual_Harassment_eng &#8211; 2020 Guide des parents &#8211; Juin 2018 Position Inria en mati\u00e8re d&rsquo;\u00e9criture paritaire\u00a0 &#8211; Janvier 2018 Pr\u00e9sentation du comit\u00e9 Parit\u00e9-Egalit\u00e9 \u00e0 l&rsquo;\u00e9cole du management Inria &#8211; Juin 2017 Charte pour les jurys des concours Conseils pour limiter l&rsquo;influence des pr\u00e9jug\u00e9s dans\u2026<\/p>\n<p class=\"continue-reading-button\"> <a class=\"continue-reading-link\" href=\"https:\/\/parite.inria.fr\/fr\/essentiels\/\">Lire la suite<i class=\"crycon-right-dir\"><\/i><\/a><\/p>\n","protected":false},"author":2811,"featured_media":0,"parent":0,"menu_order":0,"comment_status":"closed","ping_status":"closed","template":"","meta":{"_mc_calendar":[],"footnotes":""},"class_list":["post-982","page","type-page","status-publish","hentry"],"_links":{"self":[{"href":"https:\/\/parite.inria.fr\/fr\/wp-json\/wp\/v2\/pages\/982","targetHints":{"allow":["GET"]}}],"collection":[{"href":"https:\/\/parite.inria.fr\/fr\/wp-json\/wp\/v2\/pages"}],"about":[{"href":"https:\/\/parite.inria.fr\/fr\/wp-json\/wp\/v2\/types\/page"}],"author":[{"embeddable":true,"href":"https:\/\/parite.inria.fr\/fr\/wp-json\/wp\/v2\/users\/2811"}],"replies":[{"embeddable":true,"href":"https:\/\/parite.inria.fr\/fr\/wp-json\/wp\/v2\/comments?post=982"}],"version-history":[{"count":14,"href":"https:\/\/parite.inria.fr\/fr\/wp-json\/wp\/v2\/pages\/982\/revisions"}],"predecessor-version":[{"id":1267,"href":"https:\/\/parite.inria.fr\/fr\/wp-json\/wp\/v2\/pages\/982\/revisions\/1267"}],"wp:attachment":[{"href":"https:\/\/parite.inria.fr\/fr\/wp-json\/wp\/v2\/media?parent=982"}],"curies":[{"name":"wp","href":"https:\/\/api.w.org\/{rel}","templated":true}]}}