{"id":93,"date":"2015-07-01T04:09:31","date_gmt":"2015-07-01T02:09:31","guid":{"rendered":"https:\/\/parite.inria.fr\/?page_id=93"},"modified":"2015-12-08T00:31:44","modified_gmt":"2015-12-07T23:31:44","slug":"recrutement-des-chercheurs","status":"publish","type":"page","link":"https:\/\/parite.inria.fr\/fr\/groupes-de-travail\/recrutement-des-chercheurs\/","title":{"rendered":"Recrutement des chercheurs"},"content":{"rendered":"<p>Le groupe de travail \u00ab Recrutement des chercheurs\u00a0\u00bb souhaite \u0153uvrer \u00e0 ce que les concours chercheurs Inria se d\u00e9roulent dans des conditions \u00e9quitables et pr\u00e9servent autant que faire se peut l&rsquo;\u00e9galit\u00e9 des chances de r\u00e9ussite au concours. Un effort particulier sera effectu\u00e9 en direction des coll\u00e8gues f\u00e9minines et \u00e9tranger(\u00e8re)s.<\/p>\n<p>Il est pilot\u00e9 par \u00a0Anne-Marie Kermarrec et compos\u00e9 de\u00a0Hugues Berry, Ilaria Castellani, Liliana Cucu-Grosjean, C\u00e9line Grandmont, Yohan Michel, Antoine Rousseau, Nicolas Roussel, Anne Siegel et\u00a0Olivier Zendra.<\/p>\n","protected":false},"excerpt":{"rendered":"<p>Le groupe de travail \u00ab Recrutement des chercheurs\u00a0\u00bb souhaite \u0153uvrer \u00e0 ce que les concours chercheurs Inria se d\u00e9roulent dans des conditions \u00e9quitables et pr\u00e9servent autant que faire se peut l&rsquo;\u00e9galit\u00e9 des chances de r\u00e9ussite au concours. Un effort particulier sera effectu\u00e9 en direction des coll\u00e8gues f\u00e9minines et \u00e9tranger(\u00e8re)s. Il\u2026<\/p>\n<p class=\"continue-reading-button\"> <a class=\"continue-reading-link\" href=\"https:\/\/parite.inria.fr\/fr\/groupes-de-travail\/recrutement-des-chercheurs\/\">Lire la suite<i class=\"crycon-right-dir\"><\/i><\/a><\/p>\n","protected":false},"author":1214,"featured_media":0,"parent":68,"menu_order":3,"comment_status":"open","ping_status":"closed","template":"","meta":{"_mc_calendar":[],"footnotes":""},"class_list":["post-93","page","type-page","status-publish","hentry"],"_links":{"self":[{"href":"https:\/\/parite.inria.fr\/fr\/wp-json\/wp\/v2\/pages\/93","targetHints":{"allow":["GET"]}}],"collection":[{"href":"https:\/\/parite.inria.fr\/fr\/wp-json\/wp\/v2\/pages"}],"about":[{"href":"https:\/\/parite.inria.fr\/fr\/wp-json\/wp\/v2\/types\/page"}],"author":[{"embeddable":true,"href":"https:\/\/parite.inria.fr\/fr\/wp-json\/wp\/v2\/users\/1214"}],"replies":[{"embeddable":true,"href":"https:\/\/parite.inria.fr\/fr\/wp-json\/wp\/v2\/comments?post=93"}],"version-history":[{"count":3,"href":"https:\/\/parite.inria.fr\/fr\/wp-json\/wp\/v2\/pages\/93\/revisions"}],"predecessor-version":[{"id":274,"href":"https:\/\/parite.inria.fr\/fr\/wp-json\/wp\/v2\/pages\/93\/revisions\/274"}],"up":[{"embeddable":true,"href":"https:\/\/parite.inria.fr\/fr\/wp-json\/wp\/v2\/pages\/68"}],"wp:attachment":[{"href":"https:\/\/parite.inria.fr\/fr\/wp-json\/wp\/v2\/media?parent=93"}],"curies":[{"name":"wp","href":"https:\/\/api.w.org\/{rel}","templated":true}]}}