{"id":64,"date":"2015-06-26T20:17:08","date_gmt":"2015-06-26T18:17:08","guid":{"rendered":"https:\/\/parite.inria.fr\/?page_id=64"},"modified":"2026-04-28T11:35:56","modified_gmt":"2026-04-28T09:35:56","slug":"membres","status":"publish","type":"page","link":"https:\/\/parite.inria.fr\/fr\/membres\/","title":{"rendered":"Membres"},"content":{"rendered":"<\/p>\n\n\n<\/p>\n<p><span style=\"color:#1067A3\"><strong>Membres<\/strong><\/span><\/p>\n<p>\n\n\n\n<ul class=\"wp-block-list\">\n<li>Francis Bach<\/li>\n\n\n\n<li>Nathalie Bertrand<\/li>\n\n\n\n<li>Catherine Bonnet, co-pr\u00e9sidente<\/li>\n\n\n\n<li>Ilaria Castellani<\/li>\n\n\n\n<li>Caroline Collange<\/li>\n\n\n\n<li>Liliana Cucu Grosjean<\/li>\n\n\n\n<li>Laurent De Moya<\/li>\n\n\n\n<li>Enora Denimal<\/li>\n\n\n\n<li>Andreas Enge<\/li>\n\n\n\n<li>Cl\u00e9mence Frioux<\/li>\n\n\n\n<li>Ludovick Gagnon<\/li>\n\n\n\n<li>Olivier Gladin<\/li>\n\n\n\n<li>C\u00e9line Grandmont<\/li>\n\n\n\n<li>Laetitia Grimaldi<\/li>\n\n\n\n<li>Benjamin Guedj<\/li>\n\n\n\n<li>Steve Kremer<\/li>\n\n\n\n<li>Aur\u00e9lie Moizo, r\u00e9f\u00e9rente DRH<\/li>\n\n\n\n<li>Thomas Lepoutre<\/li>\n\n\n\n<li>Jing-Rebecca Li<\/li>\n\n\n\n<li>Vincent Perrier, co-pr\u00e9sident<\/li>\n\n\n\n<li>Laercio Pilla Lima<\/li>\n\n\n\n<li>Roger Pissard-Gibollet<\/li>\n\n\n\n<li>M\u00e9lanie Raimbault<\/li>\n\n\n\n<li>Nathalie Revol<\/li>\n\n\n\n<li>Sylvain Salvati<\/li>\n\n\n\n<li>Benjamin Smith<\/li>\n\n\n\n<li>Elise Taillant<\/li>\n<\/ul>\n\n\n\n<\/p>\n<p><span style=\"color:#1067A3\"><strong>Membres associ\u00e9\u00b7es<\/strong><\/span><\/p>\n<p>\n\n\n\n<ul class=\"wp-block-list\">\n<li>Agn\u00e8s Bessiere<\/li>\n\n\n\n<li>Nataliia Bielova<\/li>\n\n\n\n<li>Mathilde Boissier<\/li>\n\n\n\n<li>Laure Bourgois<\/li>\n\n\n\n<li>Dominique Chapelle <\/li>\n\n\n\n<li>Florence Descoubes<\/li>\n\n\n\n<li>Marie-Laetitia Gambi\u00e9<\/li>\n\n\n\n<li> Juliette Leblond<\/li>\n\n\n\n<li>Nadege Mesbah<\/li>\n\n\n\n<li>Aurore Poirier<\/li>\n\n\n\n<li>Edoardo Sarti<\/li>\n<\/ul>\n\n\n<\/p>\n<div id=\"__hggasdgjhsagd_once\" style=\"display: none;\">&nbsp;<\/div>\n\n\n<p><\/p>\n","protected":false},"excerpt":{"rendered":"<p>Membres Membres associ\u00e9\u00b7es &nbsp;<\/p>\n<p class=\"continue-reading-button\"> <a class=\"continue-reading-link\" href=\"https:\/\/parite.inria.fr\/fr\/membres\/\">Lire la suite<i class=\"crycon-right-dir\"><\/i><\/a><\/p>\n","protected":false},"author":1214,"featured_media":0,"parent":0,"menu_order":0,"comment_status":"closed","ping_status":"closed","template":"","meta":{"_mc_calendar":[],"footnotes":""},"class_list":["post-64","page","type-page","status-publish","hentry"],"_links":{"self":[{"href":"https:\/\/parite.inria.fr\/fr\/wp-json\/wp\/v2\/pages\/64","targetHints":{"allow":["GET"]}}],"collection":[{"href":"https:\/\/parite.inria.fr\/fr\/wp-json\/wp\/v2\/pages"}],"about":[{"href":"https:\/\/parite.inria.fr\/fr\/wp-json\/wp\/v2\/types\/page"}],"author":[{"embeddable":true,"href":"https:\/\/parite.inria.fr\/fr\/wp-json\/wp\/v2\/users\/1214"}],"replies":[{"embeddable":true,"href":"https:\/\/parite.inria.fr\/fr\/wp-json\/wp\/v2\/comments?post=64"}],"version-history":[{"count":113,"href":"https:\/\/parite.inria.fr\/fr\/wp-json\/wp\/v2\/pages\/64\/revisions"}],"predecessor-version":[{"id":1356,"href":"https:\/\/parite.inria.fr\/fr\/wp-json\/wp\/v2\/pages\/64\/revisions\/1356"}],"wp:attachment":[{"href":"https:\/\/parite.inria.fr\/fr\/wp-json\/wp\/v2\/media?parent=64"}],"curies":[{"name":"wp","href":"https:\/\/api.w.org\/{rel}","templated":true}]}}