{"id":4,"date":"2011-12-08T11:55:34","date_gmt":"2011-12-08T11:55:34","guid":{"rendered":"http:\/\/iww.inria.fr\/template1\/?page_id=4"},"modified":"2025-06-17T16:22:21","modified_gmt":"2025-06-17T14:22:21","slug":"home","status":"publish","type":"page","link":"https:\/\/parite.inria.fr\/fr\/","title":{"rendered":"Accueil"},"content":{"rendered":"<p style=\"text-align: justify;\"><em>Le comit\u00e9 Parit\u00e9-\u00c9galit\u00e9 a \u00e9t\u00e9 cr\u00e9\u00e9 le 19 janvier 2015 par le PDG d&rsquo;Inria. Ce comit\u00e9 veille \u00e0 la prise en compte des dimensions \u00ab\u00a0Parit\u00e9\u00a0\u00bb et \u00ab\u00a0\u00c9galit\u00e9\u00a0\u00bb dans l\u2019ensemble des activit\u00e9s d\u2019Inria. Il est force de propositions pour tout ce qui concerne la politique de l\u2019institut sur ces sujets, dans le respect de la loi du 22 juillet 2013 et du protocole d\u2019accord relatif \u00e0 l\u2019\u00e9galit\u00e9 professionnelle entre les femmes et les hommes dans la fonction publique. Il peut s\u2019autosaisir de toute probl\u00e9matique dans son domaine de comp\u00e9tences. Il peut \u00e9galement \u00eatre sollicit\u00e9 par le PDG sur tout sujet relevant de probl\u00e9matiques li\u00e9es \u00e0 la parit\u00e9 ou \u00e0 l\u2019\u00e9galit\u00e9 au sein de l\u2019\u00e9tablissement. <\/em><\/p>\n<p style=\"text-align: justify;\"><em>Vous pouvez vous porter volontaires pour participer aux <a href=\"http:\/\/parite.inria.fr\/groupes-de-travail\/\">groupes de travail<\/a> en tant que membres associ\u00e9s. <\/em><\/p>\n<p style=\"text-align: justify;\"><em>Les <a href=\"https:\/\/parite.inria.fr\/fr\/membres\/\">membres du comit\u00e9<\/a> sont joignables \u00e0 <a href=\"mailto:comite-parite@inria.fr\">comite-parite@inria.fr<\/a>.<\/em><\/p>\n<p style=\"text-align: justify;\"><em>Les informations du comit\u00e9 parit\u00e9-\u00e9galit\u00e9 valid\u00e9es par la direction d&rsquo;Inria sont accessibles aussi sur l&rsquo;<a href=\"https:\/\/intranet.inria.fr\/Carriere-vie-professionnelle\/Diversite\/Egalite\/Parite-Egalite\" target=\"_blank\" rel=\"noopener\">intranet<\/a> de l&rsquo;institut.<\/em><\/p>\n<div id=\"forbottom\"><\/div>\n","protected":false},"excerpt":{"rendered":"<p>Le comit\u00e9 Parit\u00e9-\u00c9galit\u00e9 a \u00e9t\u00e9 cr\u00e9\u00e9 le 19 janvier 2015 par le PDG d&rsquo;Inria. Ce comit\u00e9 veille \u00e0 la prise en compte des dimensions \u00ab\u00a0Parit\u00e9\u00a0\u00bb et \u00ab\u00a0\u00c9galit\u00e9\u00a0\u00bb dans l\u2019ensemble des activit\u00e9s d\u2019Inria. Il est force de propositions pour tout ce qui concerne la politique de l\u2019institut sur ces sujets, dans\u2026<\/p>\n<p class=\"continue-reading-button\"> <a class=\"continue-reading-link\" href=\"https:\/\/parite.inria.fr\/fr\/\">Lire la suite<i class=\"crycon-right-dir\"><\/i><\/a><\/p>\n","protected":false},"author":1,"featured_media":0,"parent":0,"menu_order":0,"comment_status":"closed","ping_status":"open","template":"","meta":{"_mc_calendar":[],"footnotes":""},"class_list":["post-4","page","type-page","status-publish","hentry"],"_links":{"self":[{"href":"https:\/\/parite.inria.fr\/fr\/wp-json\/wp\/v2\/pages\/4","targetHints":{"allow":["GET"]}}],"collection":[{"href":"https:\/\/parite.inria.fr\/fr\/wp-json\/wp\/v2\/pages"}],"about":[{"href":"https:\/\/parite.inria.fr\/fr\/wp-json\/wp\/v2\/types\/page"}],"author":[{"embeddable":true,"href":"https:\/\/parite.inria.fr\/fr\/wp-json\/wp\/v2\/users\/1"}],"replies":[{"embeddable":true,"href":"https:\/\/parite.inria.fr\/fr\/wp-json\/wp\/v2\/comments?post=4"}],"version-history":[{"count":58,"href":"https:\/\/parite.inria.fr\/fr\/wp-json\/wp\/v2\/pages\/4\/revisions"}],"predecessor-version":[{"id":1276,"href":"https:\/\/parite.inria.fr\/fr\/wp-json\/wp\/v2\/pages\/4\/revisions\/1276"}],"wp:attachment":[{"href":"https:\/\/parite.inria.fr\/fr\/wp-json\/wp\/v2\/media?parent=4"}],"curies":[{"name":"wp","href":"https:\/\/api.w.org\/{rel}","templated":true}]}}