{"id":254,"date":"2015-11-08T22:00:13","date_gmt":"2015-11-08T21:00:13","guid":{"rendered":"https:\/\/parite.inria.fr\/?page_id=254"},"modified":"2015-12-08T00:44:13","modified_gmt":"2015-12-07T23:44:13","slug":"harcelement-moral-et-sexuel","status":"publish","type":"page","link":"https:\/\/parite.inria.fr\/fr\/groupes-de-travail\/harcelement-moral-et-sexuel\/","title":{"rendered":"Harc\u00e8lement moral et sexuel"},"content":{"rendered":"<p>Ce groupe de travail est principalement d\u00e9di\u00e9 \u00e0 la distribution \u00e0 l&rsquo;int\u00e9rieur de l&rsquo;institut de toute information li\u00e9e \u00e0 l&rsquo;harc\u00e8lement moral et sexuel. Ce travail sera assur\u00e9 par Mathilde Doremus et Liliana Cucu-Grosjean.<\/p>\n","protected":false},"excerpt":{"rendered":"<p>Ce groupe de travail est principalement d\u00e9di\u00e9 \u00e0 la distribution \u00e0 l&rsquo;int\u00e9rieur de l&rsquo;institut de toute information li\u00e9e \u00e0 l&rsquo;harc\u00e8lement moral et sexuel. Ce travail sera assur\u00e9 par Mathilde Doremus et Liliana Cucu-Grosjean.<\/p>\n<p class=\"continue-reading-button\"> <a class=\"continue-reading-link\" href=\"https:\/\/parite.inria.fr\/fr\/groupes-de-travail\/harcelement-moral-et-sexuel\/\">Lire la suite<i class=\"crycon-right-dir\"><\/i><\/a><\/p>\n","protected":false},"author":1214,"featured_media":0,"parent":68,"menu_order":6,"comment_status":"open","ping_status":"closed","template":"","meta":{"_mc_calendar":[],"footnotes":""},"class_list":["post-254","page","type-page","status-publish","hentry"],"_links":{"self":[{"href":"https:\/\/parite.inria.fr\/fr\/wp-json\/wp\/v2\/pages\/254","targetHints":{"allow":["GET"]}}],"collection":[{"href":"https:\/\/parite.inria.fr\/fr\/wp-json\/wp\/v2\/pages"}],"about":[{"href":"https:\/\/parite.inria.fr\/fr\/wp-json\/wp\/v2\/types\/page"}],"author":[{"embeddable":true,"href":"https:\/\/parite.inria.fr\/fr\/wp-json\/wp\/v2\/users\/1214"}],"replies":[{"embeddable":true,"href":"https:\/\/parite.inria.fr\/fr\/wp-json\/wp\/v2\/comments?post=254"}],"version-history":[{"count":3,"href":"https:\/\/parite.inria.fr\/fr\/wp-json\/wp\/v2\/pages\/254\/revisions"}],"predecessor-version":[{"id":279,"href":"https:\/\/parite.inria.fr\/fr\/wp-json\/wp\/v2\/pages\/254\/revisions\/279"}],"up":[{"embeddable":true,"href":"https:\/\/parite.inria.fr\/fr\/wp-json\/wp\/v2\/pages\/68"}],"wp:attachment":[{"href":"https:\/\/parite.inria.fr\/fr\/wp-json\/wp\/v2\/media?parent=254"}],"curies":[{"name":"wp","href":"https:\/\/api.w.org\/{rel}","templated":true}]}}