{"id":153,"date":"2015-07-07T10:16:36","date_gmt":"2015-07-07T08:16:36","guid":{"rendered":"https:\/\/parite.inria.fr\/?page_id=153"},"modified":"2025-03-05T11:08:34","modified_gmt":"2025-03-05T10:08:34","slug":"ressources","status":"publish","type":"page","link":"https:\/\/parite.inria.fr\/fr\/ressources\/","title":{"rendered":"Ressources"},"content":{"rendered":"<p>Quelques ressources utiles qui alimentent les \u00e9changes des diff\u00e9rents groupes de travail. Si vous souhaitez contribuer \u00e0 alimenter cette page, n&rsquo;h\u00e9sitez pas \u00e0 nous contacter.<\/p>\n<h2><span style=\"color:#1067A3\">Quelques ressources utiles<\/span><\/h2>\n<ul>\n<li>Guide pratique pour une communication publique sans st\u00e9r\u00e9otype de sexe (<a href=\"http:\/\/www.haut-conseil-egalite.gouv.fr\/IMG\/pdf\/hcefh__guide_pratique_com_sans_stereo-_vf-_2015_11_05.pdf\">version de 2015,<\/a> <a href=\"https:\/\/www.haut-conseil-egalite.gouv.fr\/IMG\/pdf\/guide_egacom_sans_stereotypes-2022-versionpublique-min-2.pdf\">version actualis\u00e9e de 2022<\/a>)<\/li>\n<li>[Flot\/MOOC] Se former \u00e0 l\u2019\u00e9galit\u00e9 femmes-hommes<\/li>\n<li><span class=\"\"><a href=\"http:\/\/www.femmes-et-maths.fr\/\" target=\"_blank\" rel=\"noopener noreferrer\">Femmes et maths<\/a><\/span><\/li>\n<li><span class=\"\"><a href=\"http:\/\/www.femmesetsciences.fr\" target=\"_blank\" rel=\"noopener noreferrer\">Femmes et Sciences<\/a><\/span><\/li>\n<li><span class=\"\">Informatique au f\u00e9minin <\/span><\/li>\n<li><span class=\"\"><a href=\"http:\/\/www.europeanwomeninmaths.org\/\" target=\"_blank\" rel=\"noopener noreferrer\">European women in maths<\/a> (M.-F. Roy)<\/span><\/li>\n<li>Science Girl Thing<\/li>\n<li><span class=\"\"><a href=\"http:\/\/www.cnrs.fr\/mpdf\/\" target=\"_blank\" rel=\"noopener noreferrer\">Mission Parit\u00e9<\/a> CNRS <\/span><\/li>\n<li><span class=\"\"><a href=\"http:\/\/www.enseignementsup-recherche.gouv.fr\/cid56806\/la-mission-de-la-parite-et-de-la-lutte-contre-les-discriminations.html\" target=\"_blank\" rel=\"noopener noreferrer\">Mission Parit\u00e9<\/a> du minist\u00e8re de l&rsquo;enseignement sup\u00e9rieur et de la recherche<\/span><\/li>\n<li><a href=\"http:\/\/www.acm.org\/special-interest-groups\/volunteer-resources\/officers-manual\/policy-against-discrimination-and-harassment\" target=\"_blank\" rel=\"noopener\">Politique anti-discrimination<\/a> mise en place par l&rsquo;ACM pour ses conf\u00e9rences.<\/li>\n<li><a href=\"https:\/\/www.defenseurdesdroits.fr\/discriminations-liees-lorientation-sexuelle-et-lidentite-de-genre-dans-lemploi-341\"><span class=\"crumbs-current-page\">Guide \u2013 Agir contre les discriminations li\u00e9es \u00e0 l\u2019orientation sexuelle et \u00e0 l\u2019identit\u00e9 de genre dans l\u2019emploi<\/span><\/a><\/li>\n<li><a href=\"https:\/\/www.andrh.fr\/actualites\/855\/guide-transidentite-quelles-bonnes-pratiques-pour-les-drh\">Guide \u00ab&nbsp;Transidentit\u00e9 : quelles bonnes pratiques pour les DRH ?&nbsp;\u00bb<\/a><\/li>\n<li><a href=\"https:\/\/www.autrecercle.org\/page\/charte-d-engagement-lgbt-de-l-autre-cercle\">Charte d\u2019Engagement LGBT+ de l\u2019Autre Cercle<\/a><\/li>\n<\/ul>\n<h2><span style=\"color:#1067A3\">Quelques articles coup de c\u0153ur<\/span><\/h2>\n<ul>\n<li><a href=\"http:\/\/lesvendredisintellos.com\/2015\/06\/11\/informatique-et-rose-bonbon-la-confrontation-absurde-des-stereotypes-guest\/\" target=\"_blank\" rel=\"noopener noreferrer\">Informatique et rose bonbon<\/a><\/li>\n<li><a href=\"http:\/\/binaire.blog.lemonde.fr\/2016\/03\/08\/informaticiennes-croissez-et-multipliez\/\" target=\"_blank\" rel=\"noopener noreferrer\">Informaticiennes : croissez et multipliez<\/a> sur <a href=\"http:\/\/binaire.blog.lemonde.fr\/\" target=\"_blank\" rel=\"noopener noreferrer\">binaire<\/a> par Anne-Marie Kermarrec<\/li>\n<li><a href=\"http:\/\/www.inria.fr\/actualite\/actualites-inria\/le-comite-parite-un-an-deja\" target=\"_blank\" rel=\"noopener noreferrer\">Le comit\u00e9 Parit\u00e9-\u00c9galit\u00e9 : engagement et volont\u00e9 d&rsquo;exemplarit\u00e9 <\/a><\/li>\n<li>Parit\u00e9 femmes-hommes chez les chercheurs \u00e0 l&rsquo;INRIA, 2009-2010 (Groupe de travail de la Commission d&rsquo;Evaluation) : <a href=\"http:\/\/www-sop.inria.fr\/members\/Juliette.Leblond\/Parite\/index.html\" target=\"_blank\" rel=\"noopener noreferrer\">La page de Juliette Leblond<\/a><\/li>\n<\/ul>\n","protected":false},"excerpt":{"rendered":"<p>Quelques ressources utiles qui alimentent les \u00e9changes des diff\u00e9rents groupes de travail. Si vous souhaitez contribuer \u00e0 alimenter cette page, n&rsquo;h\u00e9sitez pas \u00e0 nous contacter. Quelques ressources utiles Guide pratique pour une communication publique sans st\u00e9r\u00e9otype de sexe (version de 2015, version actualis\u00e9e de 2022) [Flot\/MOOC] Se former \u00e0 l\u2019\u00e9galit\u00e9\u2026<\/p>\n<p class=\"continue-reading-button\"> <a class=\"continue-reading-link\" href=\"https:\/\/parite.inria.fr\/fr\/ressources\/\">Lire la suite<i class=\"crycon-right-dir\"><\/i><\/a><\/p>\n","protected":false},"author":1214,"featured_media":0,"parent":0,"menu_order":0,"comment_status":"closed","ping_status":"open","template":"","meta":{"_mc_calendar":[],"footnotes":""},"class_list":["post-153","page","type-page","status-publish","hentry"],"_links":{"self":[{"href":"https:\/\/parite.inria.fr\/fr\/wp-json\/wp\/v2\/pages\/153","targetHints":{"allow":["GET"]}}],"collection":[{"href":"https:\/\/parite.inria.fr\/fr\/wp-json\/wp\/v2\/pages"}],"about":[{"href":"https:\/\/parite.inria.fr\/fr\/wp-json\/wp\/v2\/types\/page"}],"author":[{"embeddable":true,"href":"https:\/\/parite.inria.fr\/fr\/wp-json\/wp\/v2\/users\/1214"}],"replies":[{"embeddable":true,"href":"https:\/\/parite.inria.fr\/fr\/wp-json\/wp\/v2\/comments?post=153"}],"version-history":[{"count":37,"href":"https:\/\/parite.inria.fr\/fr\/wp-json\/wp\/v2\/pages\/153\/revisions"}],"predecessor-version":[{"id":1189,"href":"https:\/\/parite.inria.fr\/fr\/wp-json\/wp\/v2\/pages\/153\/revisions\/1189"}],"wp:attachment":[{"href":"https:\/\/parite.inria.fr\/fr\/wp-json\/wp\/v2\/media?parent=153"}],"curies":[{"name":"wp","href":"https:\/\/api.w.org\/{rel}","templated":true}]}}