{"id":101,"date":"2015-07-01T04:13:20","date_gmt":"2015-07-01T02:13:20","guid":{"rendered":"https:\/\/parite.inria.fr\/?page_id=101"},"modified":"2015-11-12T11:10:10","modified_gmt":"2015-11-12T10:10:10","slug":"communication","status":"publish","type":"page","link":"https:\/\/parite.inria.fr\/fr\/groupes-de-travail\/communication\/","title":{"rendered":"Communication"},"content":{"rendered":"<p style=\"text-align: justify;\">Le Groupe de travail\u00a0\u00ab\u00a0communication\u00a0\u00bb se charge de d\u00e9velopper les supports et actions li\u00e9s \u00e0 la communication autour des activit\u00e9s de la mission parit\u00e9-\u00e9galit\u00e9.<\/p>\n<p style=\"text-align: justify;\">Il est pilot\u00e9 par\u00a0Antoine Rousseau, et associe\u00a0Serge Abiteboul, Ilaria Castellani, Liliana Cucu, Mathilde Doremus, Marie-Agn\u00e8s Enard, Juliette Leblond et Nathalie Revol.<\/p>\n","protected":false},"excerpt":{"rendered":"<p>Le Groupe de travail\u00a0\u00ab\u00a0communication\u00a0\u00bb se charge de d\u00e9velopper les supports et actions li\u00e9s \u00e0 la communication autour des activit\u00e9s de la mission parit\u00e9-\u00e9galit\u00e9. Il est pilot\u00e9 par\u00a0Antoine Rousseau, et associe\u00a0Serge Abiteboul, Ilaria Castellani, Liliana Cucu, Mathilde Doremus, Marie-Agn\u00e8s Enard, Juliette Leblond et Nathalie Revol.<\/p>\n<p class=\"continue-reading-button\"> <a class=\"continue-reading-link\" href=\"https:\/\/parite.inria.fr\/fr\/groupes-de-travail\/communication\/\">Lire la suite<i class=\"crycon-right-dir\"><\/i><\/a><\/p>\n","protected":false},"author":1214,"featured_media":0,"parent":68,"menu_order":8,"comment_status":"open","ping_status":"closed","template":"","meta":{"_mc_calendar":[],"footnotes":""},"class_list":["post-101","page","type-page","status-publish","hentry"],"_links":{"self":[{"href":"https:\/\/parite.inria.fr\/fr\/wp-json\/wp\/v2\/pages\/101","targetHints":{"allow":["GET"]}}],"collection":[{"href":"https:\/\/parite.inria.fr\/fr\/wp-json\/wp\/v2\/pages"}],"about":[{"href":"https:\/\/parite.inria.fr\/fr\/wp-json\/wp\/v2\/types\/page"}],"author":[{"embeddable":true,"href":"https:\/\/parite.inria.fr\/fr\/wp-json\/wp\/v2\/users\/1214"}],"replies":[{"embeddable":true,"href":"https:\/\/parite.inria.fr\/fr\/wp-json\/wp\/v2\/comments?post=101"}],"version-history":[{"count":17,"href":"https:\/\/parite.inria.fr\/fr\/wp-json\/wp\/v2\/pages\/101\/revisions"}],"predecessor-version":[{"id":269,"href":"https:\/\/parite.inria.fr\/fr\/wp-json\/wp\/v2\/pages\/101\/revisions\/269"}],"up":[{"embeddable":true,"href":"https:\/\/parite.inria.fr\/fr\/wp-json\/wp\/v2\/pages\/68"}],"wp:attachment":[{"href":"https:\/\/parite.inria.fr\/fr\/wp-json\/wp\/v2\/media?parent=101"}],"curies":[{"name":"wp","href":"https:\/\/api.w.org\/{rel}","templated":true}]}}