{"id":64,"date":"2015-06-26T20:17:08","date_gmt":"2015-06-26T18:17:08","guid":{"rendered":"https:\/\/parite.inria.fr\/?page_id=64"},"modified":"2026-04-28T11:35:56","modified_gmt":"2026-04-28T09:35:56","slug":"membres","status":"publish","type":"page","link":"https:\/\/parite.inria.fr\/en\/membres\/","title":{"rendered":"Members"},"content":{"rendered":"<h2><span style=\"color: #1067a3;\">Members<\/span><\/h2>\n<ul>\n<li>Francis Bach<\/li>\n<li>Nathalie Bertrand<\/li>\n<li>Catherine Bonnet, co-chair<\/li>\n<li>Ilaria Castellani<\/li>\n<li>Caroline Collange<\/li>\n<li>Liliana Cucu Grosjean<\/li>\n<li>Laurent De Moya<\/li>\n<li>Enora Denimal<\/li>\n<li>Andreas Enge<\/li>\n<li>Cl\u00e9mence Frioux<\/li>\n<li>Olivier Gladin<\/li>\n<li>C\u00e9line Grandmont<\/li>\n<li>Laetitia Grimaldi<\/li>\n<li>Benjamin Guedj<\/li>\n<li>Steve Kremer<\/li>\n<li>Aur\u00e9lie Moizo, HR referent<\/li>\n<li>Thomas Lepoutre<\/li>\n<li>Jing-Rebecca Li<\/li>\n<li>Vincent Perrier, co-chair<\/li>\n<li>Laercio Pilla Lima<\/li>\n<li>Roger Pissard-Gibollet<\/li>\n<li>M\u00e9lanie Raimbault<\/li>\n<li>Nathalie Revol<\/li>\n<li>Sylvain Salvati<\/li>\n<li>Benjamin Smith<\/li>\n<li>Elise Taillant<\/li>\n<\/ul>\n<h2><span style=\"color: #1067a3;\">Associated Members<\/span><\/h2>\n<ul>\n<li>Agn\u00e8s Bessiere<\/li>\n<li>Natalia Bielova<\/li>\n<li>Mathilde Boissier<\/li>\n<li>Laure Bourgois<\/li>\n<li>Dominique Chapelle<\/li>\n<li>Florence Descoubes<\/li>\n<li>Marie-Laetitia Gambi\u00e9<\/li>\n<li>Juliette Leblond<\/li>\n<li>Nadege Mesbah<\/li>\n<li>Aurore Poirier<\/li>\n<li>Edoardo Sarti<\/li>\n<\/ul>\n","protected":false},"excerpt":{"rendered":"<p>Members Francis Bach Nathalie Bertrand Catherine Bonnet, co-chair Ilaria Castellani Caroline Collange Liliana Cucu Grosjean Laurent De Moya Enora Denimal Andreas Enge Cl\u00e9mence Frioux Olivier Gladin C\u00e9line Grandmont Laetitia Grimaldi Benjamin Guedj Steve Kremer Aur\u00e9lie Moizo, HR referent Thomas Lepoutre Jing-Rebecca Li Vincent Perrier, co-chair Laercio Pilla Lima Roger Pissard-Gibollet\u2026<\/p>\n<p class=\"continue-reading-button\"> <a class=\"continue-reading-link\" href=\"https:\/\/parite.inria.fr\/en\/membres\/\">Continue reading<i class=\"crycon-right-dir\"><\/i><\/a><\/p>\n","protected":false},"author":1214,"featured_media":0,"parent":0,"menu_order":0,"comment_status":"closed","ping_status":"closed","template":"","meta":{"_mc_calendar":[],"footnotes":""},"class_list":["post-64","page","type-page","status-publish","hentry"],"_links":{"self":[{"href":"https:\/\/parite.inria.fr\/en\/wp-json\/wp\/v2\/pages\/64","targetHints":{"allow":["GET"]}}],"collection":[{"href":"https:\/\/parite.inria.fr\/en\/wp-json\/wp\/v2\/pages"}],"about":[{"href":"https:\/\/parite.inria.fr\/en\/wp-json\/wp\/v2\/types\/page"}],"author":[{"embeddable":true,"href":"https:\/\/parite.inria.fr\/en\/wp-json\/wp\/v2\/users\/1214"}],"replies":[{"embeddable":true,"href":"https:\/\/parite.inria.fr\/en\/wp-json\/wp\/v2\/comments?post=64"}],"version-history":[{"count":113,"href":"https:\/\/parite.inria.fr\/en\/wp-json\/wp\/v2\/pages\/64\/revisions"}],"predecessor-version":[{"id":1356,"href":"https:\/\/parite.inria.fr\/en\/wp-json\/wp\/v2\/pages\/64\/revisions\/1356"}],"wp:attachment":[{"href":"https:\/\/parite.inria.fr\/en\/wp-json\/wp\/v2\/media?parent=64"}],"curies":[{"name":"wp","href":"https:\/\/api.w.org\/{rel}","templated":true}]}}