{"id":305,"date":"2016-02-08T18:03:06","date_gmt":"2016-02-08T17:03:06","guid":{"rendered":"https:\/\/parite.inria.fr\/?page_id=305"},"modified":"2026-04-28T13:54:27","modified_gmt":"2026-04-28T11:54:27","slug":"realisations","status":"publish","type":"page","link":"https:\/\/parite.inria.fr\/en\/realisations\/","title":{"rendered":"Achievements"},"content":{"rendered":"<p dir=\"auto\" data-sourcepos=\"10:1-10:301\"><em data-sourcepos=\"10:1-10:301\">This page collects achievements and recommendations made by the Parity-Equality Committee. In most cases these are recommendations made to Inria&#8217;s general management, which (after possible adjustments and arbitrations) decides whether or not to use this material in the governance of the institute.<\/em><\/p>\n<h2 dir=\"auto\" data-sourcepos=\"13:1-13:16\"><span style=\"color: #1067a3;\"><a id=\"user-content-communication\" class=\"anchor\" href=\"#communication\" aria-hidden=\"true\"><\/a>Communication<\/span><\/h2>\n<h3 dir=\"auto\" data-sourcepos=\"15:1-15:54\"><a id=\"user-content-recommendations-on-the-feminisation-of-inria-texts\" class=\"anchor\" href=\"#recommendations-on-the-feminisation-of-inria-texts\" aria-hidden=\"true\"><\/a>Recommendations on the feminisation of Inria texts<\/h3>\n<p dir=\"auto\" data-sourcepos=\"17:1-17:277\">The <a href=\"https:\/\/parite.inria.fr\/files\/2024\/11\/17.RecoCommunicationParitaire.pdf\" target=\"_blank\" rel=\"nofollow noreferrer noopener\" data-sourcepos=\"17:5-17:94\">recommendations<\/a> made by the committee to Inria general management in 2017 served as the basis for the <a href=\"https:\/\/parite.inria.fr\/files\/2015\/07\/NoteInria.pdf\" target=\"_blank\" rel=\"nofollow noreferrer noopener\" data-sourcepos=\"17:182-17:262\">Inria note of January 2018<\/a> (pdf, French).<\/p>\n<p dir=\"auto\" data-sourcepos=\"19:1-19:126\">The three documents below that accompanied these recommendations may serve as examples for the feminisation of official notes.<\/p>\n<p dir=\"auto\" data-sourcepos=\"21:1-21:305\">HR guidelines on for the PEDR (French): <a href=\"https:\/\/parite.inria.fr\/files\/2025\/05\/DRH_Note_cadrage_PEDR2017_Fem1.pdf\">Example 1<\/a>\u00a0(<a href=\"https:\/\/parite.inria.fr\/files\/2025\/05\/DRH_Note_cadrage_PEDR2017_Fem1.docx\">docx<\/a>), <a href=\"https:\/\/parite.inria.fr\/files\/2025\/05\/DRH_Note_cadrage_PEDR2017_Fem2.pdf\">Example 2<\/a>\u00a0(<a href=\"https:\/\/parite.inria.fr\/files\/2025\/05\/DRH_Note_cadrage_PEDR2017_Fem2.docx\">docx<\/a>), <a href=\"https:\/\/parite.inria.fr\/files\/2025\/05\/DRH_Note_cadrage_PEDR2017_Fem3.pdf\">Example 3<\/a>\u00a0(<a href=\"https:\/\/parite.inria.fr\/files\/2025\/05\/DRH_Note_cadrage_PEDR2017_Fem3.docx\">docx<\/a>).<\/p>\n<p>New recommendations for egalitarian communication in <a href=\"https:\/\/parite.inria.fr\/files\/2025\/03\/Conclusions_GT_Com_CommunicationEgalitaire.pdf\"> May 2024<\/a> (<a href=\"https:\/\/parite.inria.fr\/files\/2025\/03\/Conclusions_GT_Com_CommunicationEgalitaire.docx\">docx<\/a>)<\/p>\n<h3 dir=\"auto\" data-sourcepos=\"23:1-23:34\"><a id=\"user-content-recommendations-on-conferences\" class=\"anchor\" href=\"#recommendations-on-conferences\" aria-hidden=\"true\"><\/a>Recommendations on conferences<\/h3>\n<p dir=\"auto\" data-sourcepos=\"25:1-25:361\">Here is a <a href=\"https:\/\/parite.inria.fr\/files\/2024\/11\/Bonnes-pratiques-pour-lorganisations-de%CC%81ve%CC%81nements.pdf\" target=\"_blank\" rel=\"nofollow noreferrer noopener\" data-sourcepos=\"25:11-25:161\">list of good practices for event organisation<\/a> based on <a href=\"https:\/\/parite.inria.fr\/files\/2024\/11\/Recommandation-du-Comite%CC%81-Parite%CC%81-Egalite%CC%81-dInria-de%CC%81cembre-2015.pdf\" target=\"_blank\" rel=\"nofollow noreferrer noopener\" data-sourcepos=\"25:172-25:346\">recommendations made by the committee in 2015<\/a> (pdf, French).<\/p>\n<h2 dir=\"auto\" data-sourcepos=\"28:1-28:14\"><span style=\"color: #1067a3;\"><a id=\"user-content-recruitment\" class=\"anchor\" href=\"#recruitment\" aria-hidden=\"true\"><\/a>Recruitment<\/span><\/h2>\n<h3 dir=\"auto\" data-sourcepos=\"30:1-30:66\"><a id=\"user-content-bias-in-recruitment-campaigns-information-and-recommendations\" class=\"anchor\" href=\"#bias-in-recruitment-campaigns-information-and-recommendations\" aria-hidden=\"true\"><\/a>Bias in recruitment campaigns: information and recommendations<\/h3>\n<p dir=\"auto\" data-sourcepos=\"32:1-32:491\">Some <a href=\"https:\/\/parite.inria.fr\/files\/2018\/07\/Biais_concours.pdf\" target=\"_blank\" rel=\"nofollow noreferrer noopener\" data-sourcepos=\"32:6-32:71\">slides<\/a> (pdf, French) outlining the issues analyzed by the working group, identifying biases to avoid and ways to take action. The working group also formulated some <a href=\"https:\/\/parite.inria.fr\/files\/2018\/07\/RecommendationLettersAdvices.pdf\" target=\"_blank\" rel=\"nofollow noreferrer noopener\" data-sourcepos=\"32:232-32:311\">advice<\/a> (pdf, English; see also the <a href=\"https:\/\/parite.inria.fr\/files\/2018\/07\/ConseilsParite%CC%81.pdf\" target=\"_blank\" rel=\"nofollow noreferrer noopener\" data-sourcepos=\"32:341-32:420\">French version<\/a>) to limit involuntary bias during recruitment and promotion processes.<\/p>\n<h3 dir=\"auto\" data-sourcepos=\"35:1-35:77\"><a id=\"user-content-recommendations-without-stereotypes-for-crdr-competitions-and-promotions\" class=\"anchor\" href=\"#recommendations-without-stereotypes-for-crdr-competitions-and-promotions\" aria-hidden=\"true\"><\/a>Recommendations without stereotypes for CR\/DR competitions and promotions<\/h3>\n<p dir=\"auto\" data-sourcepos=\"37:1-37:273\">External references for promotions and CR\/DR competitions are now requested to upload their recommendation letters via a new online portal. In the email sent to them explaining how to do this, the following bilingual note has been added on the initiative of the committee:<\/p>\n<blockquote>\n<p data-sourcepos=\"39:3-39:531\">dans le cadre de la politique parit\u00e9 et \u00e9galit\u00e9 des chances d\u2019Inria (cf. Charte-parit\u00e9-et-\u00e9galit\u00e9-des-chances), nous vous encourageons \u00e0 lire le document <a href=\"https:\/\/parite.inria.fr\/files\/2024\/11\/Conseils-pour-limiter-linfluence-des-pre%CC%81juge%CC%81s-involontaires.pdf\" target=\"_blank\" rel=\"nofollow noreferrer noopener\" data-sourcepos=\"39:166-39:384\"><em data-sourcepos=\"39:167-39:268\">Conseils pour limiter les pr\u00e9jug\u00e9s involontaires lors des processus de recrutement et de promotion<\/em><\/a> (pdf, French) qui d\u00e9taille diff\u00e9rents conseils permettant de limiter les st\u00e9r\u00e9otypes dans les avis relatifs aux chercheurs et aux chercheuses.<\/p>\n<\/blockquote>\n<h3 dir=\"auto\" data-sourcepos=\"43:1-43:62\"><a id=\"user-content-updating-the-dossier-for-crdr-competitions-and-promotions\" class=\"anchor\" href=\"#updating-the-dossier-for-crdr-competitions-and-promotions\" aria-hidden=\"true\"><\/a>Updating the dossier for CR\/DR competitions and promotions<\/h3>\n<p dir=\"auto\" data-sourcepos=\"45:1-45:399\">After our committee&#8217;s work with Human Resources and Inria&#8217;s Evaluation Commission, a number of updates have been made to the template dossier for candidates in CR\/DR competitions and promotions in order to make it gender-balanced. In particular, a special section on career interruptions has been introduced in order to permit a better consideration of maternity leave in the careers of candidates.<\/p>\n<h3 dir=\"auto\" data-sourcepos=\"48:1-48:58\"><a id=\"user-content-auditions-by-videoconference-possible-starting-in-2017\" class=\"anchor\" href=\"#auditions-by-videoconference-possible-starting-in-2017\" aria-hidden=\"true\"><\/a>Auditions by videoconference possible starting in 2017<\/h3>\n<p dir=\"auto\" data-sourcepos=\"50:1-50:449\">The ministry has expressed willingness to allow auditions of candidates for EPST competitions by videoconference, where necessary. The process has recently been validated at Inria, thanks to the work of the committee in collaboration with our colleagues in the Evaluation Commission and Human Resources. The procedure is posted on the <a href=\"https:\/\/www.inria.fr\/fr\/concours-externes\" target=\"_blank\" rel=\"nofollow noreferrer noopener\" data-sourcepos=\"50:338-50:401\">competition website<\/a> (open each year during the competition period).<\/p>\n<h3 dir=\"auto\" data-sourcepos=\"53:1-53:39\"><a id=\"user-content-guidelines-for-various-competitions\" class=\"anchor\" href=\"#guidelines-for-various-competitions\" aria-hidden=\"true\"><\/a>Guidelines for various competitions<\/h3>\n<p dir=\"auto\" data-sourcepos=\"55:1-55:333\">We propose that the guidelines for recruitment juries adopt neutral language. For example, &#8220;leadership&#8221; is a term in which men seem to recognise themselves more often than women do, and this can create a bias in a jury. More neutral expressions, like &#8220;ability to animate&#8221; or &#8220;ability to bring together&#8221;, could be used in its place.<\/p>\n<h3 dir=\"auto\" data-sourcepos=\"58:1-58:72\"><a id=\"user-content-increasing-the-number-of-female-candidates-in-crcnisfp-competitions\" class=\"anchor\" href=\"#increasing-the-number-of-female-candidates-in-crcnisfp-competitions\" aria-hidden=\"true\"><\/a>Increasing the number of female candidates in CRCN\/ISFP competitions<\/h3>\n<p dir=\"auto\" data-sourcepos=\"60:1-60:532\">We believe that increasing the proportion of female PhD students at Inria may increase the proportion of female candidates in the CR competition. We therefore propose to reserve some national Inria PhD scholarships (CORDI-S) and postdocs for women. The criteria of gender for these CORDI-S scholarships could take the place of the existing mobility criteria. The scholarships could be named &#8220;Ada Lovelace scholarships&#8221; to identify them more clearly. This would represent a strong symbol of Inria&#8217;s engagement in favour of women.<\/p>\n<h3 dir=\"auto\" data-sourcepos=\"62:1-62:32\"><a id=\"user-content-parity-and-equal-opportunity\" class=\"anchor\" href=\"#parity-and-equal-opportunity\" aria-hidden=\"true\"><\/a>Parity and equal opportunity<\/h3>\n<p dir=\"auto\" data-sourcepos=\"64:1-64:324\">This charter is intended to draw the attention of members of recruitment and promotion juries to parity and equal opportunity issues concerning the candidates. It explains points where vigilance is required, and how to put this into practice in a jury examining career-related issues (recruitment, promotions, and bonuses).<\/p>\n<h3 dir=\"auto\" data-sourcepos=\"66:1-66:128\">PDFs: <a href=\"https:\/\/parite.inria.fr\/files\/2016\/01\/Charte.pdf\" target=\"_blank\" rel=\"nofollow noreferrer noopener\" data-sourcepos=\"66:7-66:64\">French<\/a> and <a href=\"https:\/\/parite.inria.fr\/files\/2016\/01\/Charte.pdf\" target=\"_blank\" rel=\"nofollow noreferrer noopener\" data-sourcepos=\"66:70-66:128\">English<\/a><\/h3>\n<h2 dir=\"auto\" data-sourcepos=\"69:1-69:11\"><span style=\"color: #1067a3;\"><a id=\"user-content-everyday\" class=\"anchor\" href=\"#everyday\" aria-hidden=\"true\"><\/a>Everyday<\/span><\/h2>\n<h3 dir=\"auto\" data-sourcepos=\"71:1-71:19\"><a id=\"user-content-lgbtqi-charter\" class=\"anchor\" href=\"#lgbtqi-charter\" aria-hidden=\"true\"><\/a>LGBTQIA+ charter<\/h3>\n<p dir=\"auto\" data-sourcepos=\"73:1-73:325\">The <a href=\"https:\/\/parite.inria.fr\/files\/2024\/12\/recommendations-gt-inclusion-lgbti.pdf\" target=\"_blank\" rel=\"nofollow noreferrer noopener\" data-sourcepos=\"73:5-73:99\">recommendations<\/a> (pdf, French) made by the committee to Inria&#8217;s General Management in January 2021 have served as the basis of Inria&#8217;s <a href=\"https:\/\/parite.inria.fr\/files\/2024\/10\/InriaCharteLGBTIvdef.pdf\" target=\"_blank\" rel=\"nofollow noreferrer noopener\" data-sourcepos=\"73:219-73:310\">note on LGBTQIA+ inclusivity<\/a> (pdf, French).<\/p>\n<h3 dir=\"auto\" data-sourcepos=\"78:1-78:52\"><a id=\"user-content-practical-guide-changing-your-forename-at-inria\" class=\"anchor\" href=\"#practical-guide-changing-your-forename-at-inria\" aria-hidden=\"true\"><\/a>Practical guide: changing your forename at Inria<\/h3>\n<p dir=\"auto\" data-sourcepos=\"80:1-80:252\"><a href=\"https:\/\/parite.inria.fr\/files\/2025\/03\/guide_prenom_usage_Septembre_2024.pdf\" data-sourcepos=\"80:1-80:96\">This guide<\/a> (September 2024, French, pdf), based on feedback from several people, lists existing practices on how we can (and cannot) use a chosen forename within Inria and its tools.<\/p>\n<h3>Inclusive work environment\u00a0<\/h3>\n<p>Recommandations for inclusive work environment\u00a0 were made by the committee to Inria&#8217;s General Management in January 2025.\u00a0<\/p>\n<h3 dir=\"auto\" data-sourcepos=\"80:1-80:252\">LGBTQIA+ action plan<\/h3>\n<p id=\"tw-target-text\" class=\"tw-data-text tw-text-large tw-ta\" dir=\"ltr\" data-placeholder=\"Traduction\" data-ved=\"2ahUKEwiw587ov6OOAxVPBfsDHSAgL7QQ3ewLegQICRAV\" aria-label=\"Texte traduit\u00a0: Recommendations for an LGBTQIA+ inclusion action plan (docx) were made by the committee to Inria's General Management in June 2025.\"><span class=\"Y2IQFc\" lang=\"en\">Recommendations for an <a href=\"https:\/\/parite.inria.fr\/files\/2025\/06\/Conclusions_GT_LGBTQIA_en.pdf\">LGBTQIA+ Inclusion Action Plan<\/a> (<a href=\"https:\/\/parite.inria.fr\/files\/2025\/06\/Conclusions_LGBTQIA_doc_en.docx\">docx<\/a>) were made by the committee to Inria&#8217;s General Management in June 2025.<\/span><\/p>\n<p>&nbsp;<\/p>\n<h2 dir=\"auto\" data-sourcepos=\"83:1-83:43\"><span style=\"color: #1067a3;\"><a id=\"user-content-list-of-recommendations-of-the-committee\" class=\"anchor\" href=\"#list-of-recommendations-of-the-committee\" aria-hidden=\"true\"><\/a>List of recommendations of the committee<\/span><\/h2>\n<ul dir=\"auto\" data-sourcepos=\"85:1-87:124\">\n<li data-sourcepos=\"85:1-85:115\"><a href=\"https:\/\/parite.inria.fr\/files\/2024\/11\/17.RecoCommunicationParitaire.pdf\" target=\"_blank\" rel=\"nofollow noreferrer noopener\" data-sourcepos=\"85:3-85:101\">Recommendations May 2017<\/a> (pdf, French)<\/li>\n<li data-sourcepos=\"86:1-86:175\"><a href=\"https:\/\/parite.inria.fr\/files\/2025\/05\/Recommandation-du-Comite\u0301-Parite\u0301-Egalite\u0301-dInria-de\u0301cembre-2015.pdf\">Recommendations December 2015<\/a> (pdf,<a href=\"https:\/\/parite.inria.fr\/files\/2025\/05\/Recommandation-du-Comite\u0301-Parite\u0301-Egalite\u0301-dInria-de\u0301cembre-2015.docx\">docx<\/a>, French)<\/li>\n<li data-sourcepos=\"87:1-87:124\"><a href=\"https:\/\/parite.inria.fr\/files\/2024\/12\/recommendations-gt-inclusion-lgbti.pdf\" target=\"_blank\" rel=\"nofollow noreferrer noopener\" data-sourcepos=\"87:3-87:110\">Recommendations January 2021<\/a> (pdf, French)<\/li>\n<li><a href=\"https:\/\/parite.inria.fr\/files\/2025\/03\/Conclusions_GT_Com_CommunicationEgalitaire.pdf\">Recommendations May 2024<\/a> (pdf, <a href=\"https:\/\/parite.inria.fr\/files\/2025\/03\/Conclusions_GT_Com_CommunicationEgalitaire.docx\">docx<\/a> , French)<\/li>\n<li><a href=\"https:\/\/parite.inria.fr\/files\/2025\/06\/Recommandations_GT8_20decembre2024.pdf\">Recommendations December 2024<\/a> (pdf, <a href=\"https:\/\/parite.inria.fr\/files\/2025\/06\/Recommandations_GT8_20decembre2024.docx\">docx<\/a>, French)<\/li>\n<li><a href=\"https:\/\/parite.inria.fr\/files\/2026\/03\/Memento-VSS_janvier2026-US.pdf\">Recommendations December 2025<\/a> (pdf, <a href=\"https:\/\/parite.inria.fr\/files\/2026\/03\/Memento-VSS_janvier2026-US.docx\">docx<\/a>)<\/li>\n<li><a href=\"https:\/\/parite.inria.fr\/files\/2026\/04\/Memento-VSS_janvier2026-US-1.pdf\">Recommendations December 2025<\/a> (pdf, <a href=\"https:\/\/parite.inria.fr\/files\/2026\/04\/Memento-VSS_janvier2026-US.docx\">docx<\/a>)<\/li>\n<\/ul>\n\n\n<p><\/p>\n","protected":false},"excerpt":{"rendered":"<p>This page collects achievements and recommendations made by the Parity-Equality Committee. In most cases these are recommendations made to Inria&#8217;s general management, which (after possible adjustments and arbitrations) decides whether or not to use this material in the governance of the institute. Communication Recommendations on the feminisation of Inria texts\u2026<\/p>\n<p class=\"continue-reading-button\"> <a class=\"continue-reading-link\" href=\"https:\/\/parite.inria.fr\/en\/realisations\/\">Continue reading<i class=\"crycon-right-dir\"><\/i><\/a><\/p>\n","protected":false},"author":1214,"featured_media":0,"parent":0,"menu_order":0,"comment_status":"closed","ping_status":"closed","template":"","meta":{"_mc_calendar":[],"footnotes":""},"class_list":["post-305","page","type-page","status-publish","hentry"],"_links":{"self":[{"href":"https:\/\/parite.inria.fr\/en\/wp-json\/wp\/v2\/pages\/305","targetHints":{"allow":["GET"]}}],"collection":[{"href":"https:\/\/parite.inria.fr\/en\/wp-json\/wp\/v2\/pages"}],"about":[{"href":"https:\/\/parite.inria.fr\/en\/wp-json\/wp\/v2\/types\/page"}],"author":[{"embeddable":true,"href":"https:\/\/parite.inria.fr\/en\/wp-json\/wp\/v2\/users\/1214"}],"replies":[{"embeddable":true,"href":"https:\/\/parite.inria.fr\/en\/wp-json\/wp\/v2\/comments?post=305"}],"version-history":[{"count":104,"href":"https:\/\/parite.inria.fr\/en\/wp-json\/wp\/v2\/pages\/305\/revisions"}],"predecessor-version":[{"id":1362,"href":"https:\/\/parite.inria.fr\/en\/wp-json\/wp\/v2\/pages\/305\/revisions\/1362"}],"wp:attachment":[{"href":"https:\/\/parite.inria.fr\/en\/wp-json\/wp\/v2\/media?parent=305"}],"curies":[{"name":"wp","href":"https:\/\/api.w.org\/{rel}","templated":true}]}}