{"id":153,"date":"2015-07-07T10:16:36","date_gmt":"2015-07-07T08:16:36","guid":{"rendered":"https:\/\/parite.inria.fr\/?page_id=153"},"modified":"2025-03-05T11:08:34","modified_gmt":"2025-03-05T10:08:34","slug":"ressources","status":"publish","type":"page","link":"https:\/\/parite.inria.fr\/en\/ressources\/","title":{"rendered":"Resources"},"content":{"rendered":"<p dir=\"auto\" data-sourcepos=\"8:1-9:92\">These resources have helped to fuel discussions in our working groups. Please don&#8217;t hesitate to contact us if you would like to add to the collection on this page.<\/p>\n<h2 dir=\"auto\" data-sourcepos=\"11:1-11:19\"><span style=\"color: #1067a3;\"><a id=\"user-content-useful-resources\" class=\"anchor\" href=\"#useful-resources\" aria-hidden=\"true\"><\/a>Useful resources<\/span><\/h2>\n<ul dir=\"auto\" data-sourcepos=\"13:1-26:0\">\n<li data-sourcepos=\"13:1-13:275\">Practical guide: <a href=\"https:\/\/www.haut-conseil-egalite.gouv.fr\/IMG\/pdf\/guide_egacom_sans_stereotypes-2022-versionpublique-min-2.pdf\" target=\"_blank\" rel=\"nofollow noreferrer noopener\" data-sourcepos=\"13:20-13:190\">Pour une communication publique sans st\u00e9r\u00e9otypes de sexe<\/a> \/ Practical guide on public communication without sexist stereotypes &#8211; 2022 (French)<\/li>\n<li data-sourcepos=\"14:1-14:229\">MOOC: <a href=\"https:\/\/uoh.fr\/front\/noticefr\/?uuid=b46e8a07-12ee-49c1-a479-d4fec19e152f\" target=\"_blank\" rel=\"nofollow noreferrer noopener\" data-sourcepos=\"14:9-14:149\">\u00catre responsable demain : se former \u00e0 l&#8217;\u00e9galit\u00e9 femmes-hommes<\/a> \/ Being responsible tomorrow: self-training in gender equality &#8211; 2015 (French)<\/li>\n<li data-sourcepos=\"15:1-15:84\"><a href=\"http:\/\/www.femmes-et-maths.fr\/\" target=\"_blank\" rel=\"nofollow noreferrer noopener\" data-sourcepos=\"15:3-15:51\">Femmes et maths<\/a> \/ Women and Mathematics (French)<\/li>\n<li data-sourcepos=\"16:1-16:84\"><a href=\"http:\/\/www.femmesetsciences.fr\/\" target=\"_blank\" rel=\"nofollow noreferrer noopener\" data-sourcepos=\"16:3-16:55\">Femmes et Sciences<\/a> \/ Women and Science (French)<\/li>\n<li data-sourcepos=\"17:1-17:81\"><a href=\"https:\/\/femmes-informatique.univ-lille.fr\/\" target=\"_blank\" rel=\"nofollow noreferrer noopener\" data-sourcepos=\"17:3-17:72\">Informatique au f\u00e9minin<\/a> (French)<\/li>\n<li data-sourcepos=\"18:1-18:87\"><a href=\"https:\/\/www.europeanwomeninmaths.org\/\" target=\"_blank\" rel=\"nofollow noreferrer noopener\" data-sourcepos=\"18:3-18:77\">EWM: European women in mathematics<\/a> (English)<\/li>\n<li data-sourcepos=\"19:1-19:72\"><a href=\"https:\/\/science-girl-thing.eu\/\" target=\"_blank\" rel=\"nofollow noreferrer noopener\" data-sourcepos=\"19:3-19:62\">Science: it&#8217;s a Girl Thing<\/a> (English)<\/li>\n<li data-sourcepos=\"20:1-20:85\"><a href=\"http:\/\/www.cnrs.fr\/mpdf\/\" target=\"_blank\" rel=\"nofollow noreferrer noopener\" data-sourcepos=\"20:3-20:50\">Mission Parit\u00e9 CNRS<\/a> \/ The CNRS Parity mission (French)<\/li>\n<li data-sourcepos=\"21:1-21:255\"><a href=\"https:\/\/www.education.gouv.fr\/le-ministere-s-engage-pour-l-egalite-professionnelle-9284\" target=\"_blank\" rel=\"nofollow noreferrer noopener\" data-sourcepos=\"21:3-21:172\">Mission Parit\u00e9 du minist\u00e8re de l\u2019enseignement sup\u00e9rieur et de la recherche<\/a> \/ The Parity mission of the French higher education and research ministry (French)<\/li>\n<li data-sourcepos=\"22:1-22:188\"><a href=\"https:\/\/www.acm.org\/special-interest-groups\/volunteer-resources\/officers-manual\/policy-against-discrimination-and-harassment\" target=\"_blank\" rel=\"nofollow noreferrer noopener\" data-sourcepos=\"22:3-22:178\">ACM policy against discrimination and harassment<\/a> (English)<\/li>\n<li data-sourcepos=\"23:1-23:303\"><a href=\"https:\/\/www.defenseurdesdroits.fr\/discriminations-liees-lorientation-sexuelle-et-lidentite-de-genre-dans-lemploi-341\" target=\"_blank\" rel=\"nofollow noreferrer noopener\" data-sourcepos=\"23:3-23:211\">Discriminations li\u00e9es \u00e0 l&#8217;orientation sexuelle et \u00e0 l&#8217;identit\u00e9 de genre dans l&#8217;emploi<\/a> \/ Discrimination connected to sexual orientation and gender identity in employment (French)<\/li>\n<li data-sourcepos=\"24:1-24:216\"><a href=\"https:\/\/www.andrh.fr\/actualites\/855\/guide-transidentite-quelles-bonnes-pratiques-pour-les-drh\" target=\"_blank\" rel=\"nofollow noreferrer noopener\" data-sourcepos=\"24:3-24:155\">Transidentit\u00e9 : quelles bonnes pratiques pour les DRH ?<\/a> \/ Trans identity: best practice for human resources (French)<\/li>\n<li data-sourcepos=\"25:1-26:0\"><a href=\"https:\/\/autrecercle.org\/english-version\/\" target=\"_blank\" rel=\"nofollow noreferrer noopener\" data-sourcepos=\"25:3-25:118\">The French Reference for LGBT+ diversity in the workplace (Autre Cercle)<\/a> (English)<\/li>\n<\/ul>\n<h2 dir=\"auto\" data-sourcepos=\"27:1-27:18\"><span style=\"color: #1067a3;\"><a id=\"user-content-some-favourites\" class=\"anchor\" href=\"#some-favourites\" aria-hidden=\"true\"><\/a>Some favourites<\/span><\/h2>\n<ul dir=\"auto\" data-sourcepos=\"29:1-31:297\">\n<li data-sourcepos=\"29:1-29:247\"><a href=\"http:\/\/lesvendredisintellos.com\/2015\/06\/11\/informatique-et-rose-bonbon-la-confrontation-absurde-des-stereotypes-guest\/\" target=\"_blank\" rel=\"nofollow noreferrer noopener\" data-sourcepos=\"29:3-29:182\">Informatique et rose bonbon : la bataille des ster\u00e9otypes<\/a> \/ Informatics and candy pink, the battle of stereotypes (French)<\/li>\n<li data-sourcepos=\"30:1-30:218\"><a href=\"https:\/\/www.lemonde.fr\/blog\/binaire\/2016\/03\/08\/informaticiennes-croissez-et-multipliez\/\" target=\"_blank\" rel=\"nofollow noreferrer noopener\" data-sourcepos=\"30:3-30:136\">Informaticiennes : croissez et multipliez !<\/a> \/ Women computer scientists: grow and multiply!, by Anne-Marie Kermarrec (French)<\/li>\n<li data-sourcepos=\"31:1-31:297\"><a href=\"https:\/\/www-sop.inria.fr\/members\/Juliette.Leblond\/Parite\/index.html\" target=\"_blank\" rel=\"nofollow noreferrer noopener\" data-sourcepos=\"31:3-31:138\">Parit\u00e9 femmes-hommes chez les chercheurs \u00e0 l\u2019INRIA, 2009-2010<\/a> \/ Gender equality among researchers at Inria, 2009-2010. Working Group of the Evaluation Committee Groupe de travail de la Commission d\u2019Evaluation (French)<\/li>\n<\/ul>\n","protected":false},"excerpt":{"rendered":"<p>These resources have helped to fuel discussions in our working groups. Please don&#8217;t hesitate to contact us if you would like to add to the collection on this page. Useful resources Practical guide: Pour une communication publique sans st\u00e9r\u00e9otypes de sexe \/ Practical guide on public communication without sexist stereotypes\u2026<\/p>\n<p class=\"continue-reading-button\"> <a class=\"continue-reading-link\" href=\"https:\/\/parite.inria.fr\/en\/ressources\/\">Continue reading<i class=\"crycon-right-dir\"><\/i><\/a><\/p>\n","protected":false},"author":1214,"featured_media":0,"parent":0,"menu_order":0,"comment_status":"closed","ping_status":"open","template":"","meta":{"_mc_calendar":[],"footnotes":""},"class_list":["post-153","page","type-page","status-publish","hentry"],"_links":{"self":[{"href":"https:\/\/parite.inria.fr\/en\/wp-json\/wp\/v2\/pages\/153","targetHints":{"allow":["GET"]}}],"collection":[{"href":"https:\/\/parite.inria.fr\/en\/wp-json\/wp\/v2\/pages"}],"about":[{"href":"https:\/\/parite.inria.fr\/en\/wp-json\/wp\/v2\/types\/page"}],"author":[{"embeddable":true,"href":"https:\/\/parite.inria.fr\/en\/wp-json\/wp\/v2\/users\/1214"}],"replies":[{"embeddable":true,"href":"https:\/\/parite.inria.fr\/en\/wp-json\/wp\/v2\/comments?post=153"}],"version-history":[{"count":37,"href":"https:\/\/parite.inria.fr\/en\/wp-json\/wp\/v2\/pages\/153\/revisions"}],"predecessor-version":[{"id":1189,"href":"https:\/\/parite.inria.fr\/en\/wp-json\/wp\/v2\/pages\/153\/revisions\/1189"}],"wp:attachment":[{"href":"https:\/\/parite.inria.fr\/en\/wp-json\/wp\/v2\/media?parent=153"}],"curies":[{"name":"wp","href":"https:\/\/api.w.org\/{rel}","templated":true}]}}